{"id":10,"date":"2020-07-04T11:13:50","date_gmt":"2020-07-04T11:13:50","guid":{"rendered":"http:\/\/dachdeckerei-zoellner.de\/?page_id=10"},"modified":"2020-07-04T11:13:50","modified_gmt":"2020-07-04T11:13:50","slug":"ueber-uns","status":"publish","type":"page","link":"https:\/\/dachdeckerei-zoellner.de\/?page_id=10","title":{"rendered":"\u00dcber uns"},"content":{"rendered":"\n<p>Die Z\u00f6llner Bedachungen \nGmbH ist bereits seit 2001 Ihr Experte aus der Region Hildesheim rund um\n das Thema Bedachungen und Spezialist auf dem Gebiet der energetischen \nDachsanierung.<\/p>\n\n\n\n<p>2001 wurde die Firma urspr\u00fcnglich\n als Dachdecker Meisterbetrieb Z\u00f6llner gegr\u00fcndet und wurde am 01.07.2017\n in die Z\u00f6llner Bedachungen GmbH umfirmiert.<\/p>\n\n\n\n<p>Unser\n f\u00fcnf-Mann Team deckt das gesamte Spektrum der Bedachung sowie Fassaden-\n und Abdichtungstechnik ab. Wir \u00fcbernehmen f\u00fcr Sie alle Aufgaben von der\n Reparatur am Dach \u00fcber das Einbauen von Dachfenstern bis hin zur \nD\u00e4mmung Ihres Daches, damit kein Kundenwunsch offen bleibt. <br> Unser \nTeam stellt Ihre W\u00fcnsche und Zufriedenheit in den Mittelpunkt ihrer \nArbeiten. Unsere Grundsteine hierf\u00fcr sind Zuverl\u00e4ssigkeit, \nP\u00fcnktlichkeit, Vertrauen und nat\u00fcrlich die Qualit\u00e4t unserer Materialien \nund Arbeiten, professionelle Ausf\u00fchrung sowie erstklassigen Service auch\n nach dem Abschluss der beauftragten Arbeiten. <br> Denn erst wenn SIE zufrieden sind, sind auch wir es!<\/p>\n\n\n\n<p>\u00dcber 500 zufriedene Kunden rund um die Region Hildesheim sprechen hier f\u00fcr sich.<\/p>\n\n\n\n<p>Schauen\n Sie sich gern einfach einmal unsere Referenzen an, um sich ein Bild von\n unseren Leistungen machen zu k\u00f6nnen oder kontaktieren Sie uns per <a href=\"https:\/\/www.dachdeckerei-zoellner.de\/index.php\/kontaktformular#display-form\" target=\"_blank\" rel=\"noreferrer noopener\">Mail<\/a> oder telefonisch f\u00fcr eine unverbindliche Beratung.<\/p>\n\n\n\n<p>Wir stehen Ihnen mit Rat und Tat zur Seite.<\/p>\n","protected":false},"excerpt":{"rendered":"<p>Die Z\u00f6llner Bedachungen GmbH ist bereits seit 2001 Ihr Experte aus der Region Hildesheim rund um das Thema Bedachungen und Spezialist auf dem Gebiet der energetischen Dachsanierung. 2001 wurde die Firma urspr\u00fcnglich als Dachdecker Meisterbetrieb Z\u00f6llner gegr\u00fcndet und wurde am 01.07.2017 in die Z\u00f6llner Bedachungen GmbH umfirmiert. Unser f\u00fcnf-Mann Team deckt das gesamte Spektrum der [&hellip;]<\/p>\n","protected":false},"author":1,"featured_media":0,"parent":0,"menu_order":0,"comment_status":"closed","ping_status":"closed","template":"","meta":{"footnotes":""},"class_list":["post-10","page","type-page","status-publish","hentry"],"_links":{"self":[{"href":"https:\/\/dachdeckerei-zoellner.de\/index.php?rest_route=\/wp\/v2\/pages\/10","targetHints":{"allow":["GET"]}}],"collection":[{"href":"https:\/\/dachdeckerei-zoellner.de\/index.php?rest_route=\/wp\/v2\/pages"}],"about":[{"href":"https:\/\/dachdeckerei-zoellner.de\/index.php?rest_route=\/wp\/v2\/types\/page"}],"author":[{"embeddable":true,"href":"https:\/\/dachdeckerei-zoellner.de\/index.php?rest_route=\/wp\/v2\/users\/1"}],"replies":[{"embeddable":true,"href":"https:\/\/dachdeckerei-zoellner.de\/index.php?rest_route=%2Fwp%2Fv2%2Fcomments&post=10"}],"version-history":[{"count":1,"href":"https:\/\/dachdeckerei-zoellner.de\/index.php?rest_route=\/wp\/v2\/pages\/10\/revisions"}],"predecessor-version":[{"id":11,"href":"https:\/\/dachdeckerei-zoellner.de\/index.php?rest_route=\/wp\/v2\/pages\/10\/revisions\/11"}],"wp:attachment":[{"href":"https:\/\/dachdeckerei-zoellner.de\/index.php?rest_route=%2Fwp%2Fv2%2Fmedia&parent=10"}],"curies":[{"name":"wp","href":"https:\/\/api.w.org\/{rel}","templated":true}]}}