{"id":12,"date":"2020-07-04T11:14:09","date_gmt":"2020-07-04T11:14:09","guid":{"rendered":"http:\/\/dachdeckerei-zoellner.de\/?page_id=12"},"modified":"2020-07-04T11:14:09","modified_gmt":"2020-07-04T11:14:09","slug":"ausbildung-bei-uns","status":"publish","type":"page","link":"https:\/\/dachdeckerei-zoellner.de\/?page_id=12","title":{"rendered":"Ausbildung bei uns"},"content":{"rendered":"\n<h1 class=\"wp-block-heading\">Deine Ausbildung bei Z\u00f6llner Bedachungen GmbH!&nbsp;<\/h1>\n\n\n\n<p>Du\n m\u00f6chtest nicht irgendeine Ausbildung absolvieren? Du m\u00f6chtest im \nwahrsten Sinne des Wortes hoch hinaus? Dann bist du bei Z\u00f6llner \nBedachungen GmbH genau richtig! Starte mit uns deine Ausbildung zum \nDachdecker\/Dachdeckerin (m\/w\/d)!<\/p>\n\n\n\n<p>Der\n Beruf des Dachdeckers\/In bringt jeden Tag neue Herausforderungen und \nist vielseitiger als es sich manche vorstellen k\u00f6nnen: Flachdach, \nSteildach, Gr\u00fcndach, Fassadenverkleidung, Balkon- und Garagensanierung, \nDachfenstereinbau\u2026 Jeden Tag wartet eine andere Aufgabe auf dich!<\/p>\n\n\n\n<p>Wir bilden seit 2004 erfolgreich aus und m\u00f6chten auch mit dir gemeinsam in dein Berufsleben starten.<\/p>\n\n\n\n<p><strong>Was wir dir bieten:<\/strong><\/p>\n\n\n\n<ul class=\"wp-block-list\"><li>-Eine duale Ausbildung mit tariflicher Verg\u00fctung<\/li><li>-Einen Job mit Zukunft und guten \u00dcbernahmechancen<\/li><li>-zukunfts- und krisensicheren Job im Handwerk&nbsp; &nbsp;<\/li><li>-St\u00e4ndig wechselnde Aufgaben<\/li><li>-Arbeiten an der frischen Luft<\/li><li>-Ein freundliches und aufgeschlossenes Team<\/li><\/ul>\n\n\n\n<p><strong>Das musst du mitbringen:<\/strong><\/p>\n\n\n\n<ul class=\"wp-block-list\"><li>-Mindestens einen Hauptschulabschluss<\/li><li>-Sorgfalt und Genauigkeit<\/li><li>-Motivation und Einsatzbereitschaft<\/li><li>-Teamf\u00e4higkeit<\/li><li>-Zuverl\u00e4ssigkeit<\/li><\/ul>\n\n\n\n<p><strong>Ben\u00f6tigte Unterlagen:<\/strong><\/p>\n\n\n\n<ul class=\"wp-block-list\"><li>-Abschlusszeugnis<\/li><li>-Lebenslauf<\/li><li>-Anschreiben<\/li><li>-Falls vorhanden gern auch Praktikumszeugnisse<\/li><\/ul>\n\n\n\n<p>Wenn\n du handwerklich begabt bist und Teil unseres Familienunternehmens \nwerden m\u00f6chtest, dann freuen wir uns jetzt schon auf deine Bewerbung.<\/p>\n","protected":false},"excerpt":{"rendered":"<p>Deine Ausbildung bei Z\u00f6llner Bedachungen GmbH!&nbsp; Du m\u00f6chtest nicht irgendeine Ausbildung absolvieren? Du m\u00f6chtest im wahrsten Sinne des Wortes hoch hinaus? Dann bist du bei Z\u00f6llner Bedachungen GmbH genau richtig! Starte mit uns deine Ausbildung zum Dachdecker\/Dachdeckerin (m\/w\/d)! Der Beruf des Dachdeckers\/In bringt jeden Tag neue Herausforderungen und ist vielseitiger als es sich manche vorstellen [&hellip;]<\/p>\n","protected":false},"author":1,"featured_media":0,"parent":0,"menu_order":0,"comment_status":"closed","ping_status":"closed","template":"","meta":{"footnotes":""},"class_list":["post-12","page","type-page","status-publish","hentry"],"_links":{"self":[{"href":"https:\/\/dachdeckerei-zoellner.de\/index.php?rest_route=\/wp\/v2\/pages\/12","targetHints":{"allow":["GET"]}}],"collection":[{"href":"https:\/\/dachdeckerei-zoellner.de\/index.php?rest_route=\/wp\/v2\/pages"}],"about":[{"href":"https:\/\/dachdeckerei-zoellner.de\/index.php?rest_route=\/wp\/v2\/types\/page"}],"author":[{"embeddable":true,"href":"https:\/\/dachdeckerei-zoellner.de\/index.php?rest_route=\/wp\/v2\/users\/1"}],"replies":[{"embeddable":true,"href":"https:\/\/dachdeckerei-zoellner.de\/index.php?rest_route=%2Fwp%2Fv2%2Fcomments&post=12"}],"version-history":[{"count":1,"href":"https:\/\/dachdeckerei-zoellner.de\/index.php?rest_route=\/wp\/v2\/pages\/12\/revisions"}],"predecessor-version":[{"id":13,"href":"https:\/\/dachdeckerei-zoellner.de\/index.php?rest_route=\/wp\/v2\/pages\/12\/revisions\/13"}],"wp:attachment":[{"href":"https:\/\/dachdeckerei-zoellner.de\/index.php?rest_route=%2Fwp%2Fv2%2Fmedia&parent=12"}],"curies":[{"name":"wp","href":"https:\/\/api.w.org\/{rel}","templated":true}]}}