{"id":16,"date":"2020-07-04T11:15:25","date_gmt":"2020-07-04T11:15:25","guid":{"rendered":"http:\/\/dachdeckerei-zoellner.de\/?page_id=16"},"modified":"2023-01-18T17:14:36","modified_gmt":"2023-01-18T15:14:36","slug":"home","status":"publish","type":"page","link":"https:\/\/dachdeckerei-zoellner.de\/","title":{"rendered":"Home"},"content":{"rendered":"\n<p>Ihr starker Partner seit 2001 rund ums Dach aus der Region Hildesheim.<\/p>\n\n\n\n<p>Sie\n m\u00f6chten einen Neu- oder Umbau realisieren, eine energetische Sanierung \nIhres Daches, eine Verkleidung des Schornsteins oder Ihrer Fassade?<br>Das Velux Fenster ist kaputt oder ihre Rinne muss erneuert werden?<\/p>\n\n\n\n<p>Dann sind Sie bei unserem erfahrenen Familienunternehmen genau richtig!  Egal, wie gro\u00df oder klein Ihre Bauvorhaben sind, wir bieten Ihnen alle  Leistungen an, die f\u00fcr das perfekte Dach notwendig sind.<\/p>\n\n\n\n<p>Als \nMeisterbetrieb der Dachdecker-Innung Hildesheim sind hierbei umfassende \nBeratung, pr\u00e4zise Planung und h\u00f6chste Qualit\u00e4tsstandards \nselbstverst\u00e4ndlich f\u00fcr uns.<\/p>\n\n\n\n<p>Vereinbaren Sie einfach einen <a href=\"http:\/\/dachdeckerei-zoellner.de\/?page_id=22\" target=\"_blank\" rel=\"noreferrer noopener\">Termin<\/a> und wir besprechen die optimale L\u00f6sung mit Ihnen vor Ort.<\/p>\n\n\n\n<p>Wir freuen uns schon von Ihnen zu h\u00f6ren!<\/p>\n\n\n\n<p>&nbsp;Ihr Team der Z\u00f6llner Bedachungen GmbH aus Nordstemmen<\/p>\n\n\n\n<p><\/p>\n","protected":false},"excerpt":{"rendered":"<p>Ihr starker Partner seit 2001 rund ums Dach aus der Region Hildesheim. Sie m\u00f6chten einen Neu- oder Umbau realisieren, eine energetische Sanierung Ihres Daches, eine Verkleidung des Schornsteins oder Ihrer Fassade?Das Velux Fenster ist kaputt oder ihre Rinne muss erneuert werden? Dann sind Sie bei unserem erfahrenen Familienunternehmen genau richtig! Egal, wie gro\u00df oder klein [&hellip;]<\/p>\n","protected":false},"author":1,"featured_media":0,"parent":0,"menu_order":0,"comment_status":"closed","ping_status":"closed","template":"template-homepage.php","meta":{"footnotes":""},"class_list":["post-16","page","type-page","status-publish","hentry"],"_links":{"self":[{"href":"https:\/\/dachdeckerei-zoellner.de\/index.php?rest_route=\/wp\/v2\/pages\/16","targetHints":{"allow":["GET"]}}],"collection":[{"href":"https:\/\/dachdeckerei-zoellner.de\/index.php?rest_route=\/wp\/v2\/pages"}],"about":[{"href":"https:\/\/dachdeckerei-zoellner.de\/index.php?rest_route=\/wp\/v2\/types\/page"}],"author":[{"embeddable":true,"href":"https:\/\/dachdeckerei-zoellner.de\/index.php?rest_route=\/wp\/v2\/users\/1"}],"replies":[{"embeddable":true,"href":"https:\/\/dachdeckerei-zoellner.de\/index.php?rest_route=%2Fwp%2Fv2%2Fcomments&post=16"}],"version-history":[{"count":5,"href":"https:\/\/dachdeckerei-zoellner.de\/index.php?rest_route=\/wp\/v2\/pages\/16\/revisions"}],"predecessor-version":[{"id":102,"href":"https:\/\/dachdeckerei-zoellner.de\/index.php?rest_route=\/wp\/v2\/pages\/16\/revisions\/102"}],"wp:attachment":[{"href":"https:\/\/dachdeckerei-zoellner.de\/index.php?rest_route=%2Fwp%2Fv2%2Fmedia&parent=16"}],"curies":[{"name":"wp","href":"https:\/\/api.w.org\/{rel}","templated":true}]}}